{"id":366,"date":"2023-04-07T11:22:41","date_gmt":"2023-04-07T09:22:41","guid":{"rendered":"https:\/\/www.ecolestjoprat.fr\/?page_id=366"},"modified":"2023-04-07T11:22:44","modified_gmt":"2023-04-07T09:22:44","slug":"mentions-legales","status":"publish","type":"page","link":"https:\/\/www.ecolestjoprat.fr\/index.php\/mentions-legales\/","title":{"rendered":"Mentions l\u00e9gales"},"content":{"rendered":"<p>[et_pb_section fb_built=&#8221;1&#8243; admin_label=&#8221;section&#8221; _builder_version=&#8221;4.16&#8243; global_colors_info=&#8221;{}&#8221;][et_pb_row admin_label=&#8221;row&#8221; _builder_version=&#8221;4.16&#8243; background_size=&#8221;initial&#8221; background_position=&#8221;top_left&#8221; background_repeat=&#8221;repeat&#8221; global_colors_info=&#8221;{}&#8221;][et_pb_column type=&#8221;4_4&#8243; _builder_version=&#8221;4.16&#8243; custom_padding=&#8221;|||&#8221; global_colors_info=&#8221;{}&#8221; custom_padding__hover=&#8221;|||&#8221;][et_pb_text _builder_version=&#8221;4.20.2&#8243; _module_preset=&#8221;default&#8221; hover_enabled=&#8221;0&#8243; sticky_enabled=&#8221;0&#8243;]<\/p>\n<div id=\"main-content\">\n<article id=\"post-463\" class=\"post-463 page type-page status-publish hentry\">\n<div class=\"entry-content\">\n<div class=\"et-l et-l--post\">\n<div class=\"et_builder_inner_content et_pb_gutters3\">\n<div class=\"et_pb_section et_pb_section_0 et_section_regular\">\n<div class=\"et_pb_row et_pb_row_0\">\n<div class=\"et_pb_column et_pb_column_4_4 et_pb_column_0  et_pb_css_mix_blend_mode_passthrough et-last-child\">\n<div class=\"et_pb_module et_pb_text et_pb_text_0  et_pb_text_align_left et_pb_bg_layout_light\">\n<div class=\"et_pb_text_inner\">\n<p style=\"text-align: justify;\"><span style=\"font-size: 12pt; color: #000000;\"><strong>Qui sommes-nous ?<\/strong><\/span><\/p>\n<p style=\"text-align: justify;\"><span style=\"font-size: 12pt; color: #000000;\">Le site de l\u2019\u00e9cole Saint-Joseph de Prat (https:\/\/ecolestjoprat.fr) est aliment\u00e9 par le personnel de l\u2019\u00e9cole, des \u00e9l\u00e8ves ou des membres des associations. L\u2019adresse de l\u2019\u00e9tablissement est : 3 place de l&#8217;\u00e9glise, 22140 Prat.<br \/><\/span><\/p>\n<p style=\"text-align: justify;\"><span style=\"font-size: 12pt; color: #000000;\">L\u2019ensemble des \u00e9l\u00e9ments figurant sur le site interne https:\/\/ecolestjoprat.fr (textes, dessins, programmes, photographies, noms, logos, enregistrements sonores, vid\u00e9os, etc\u2026) est prot\u00e9g\u00e9 par les dispositions du Code de la Propri\u00e9t\u00e9 intellectuelle fran\u00e7ais. Hors de France, ces \u00e9l\u00e9ments b\u00e9n\u00e9ficient de la protection du droit d\u2019auteur dans les \u00c9tats signataires de la Convention de Berne. Toute reproduction, repr\u00e9sentation, modification, adaptation, distribution, traduction de l\u2019un de ces \u00e9l\u00e9ments, de fa\u00e7on int\u00e9grale ou partielle, sur quelque support que ce soit est interdite sans autorisation expresse et pr\u00e9alable de la Direction de l\u2019\u00e9tablissement. Toute utilisation non express\u00e9ment autoris\u00e9e constitue une violation des droits d\u2019auteur et une contrefa\u00e7on en application des articles L 335-2 et suivants du Code de la Propri\u00e9t\u00e9 intellectuelle. Elle peut \u00e9galement constituer un acte de concurrence d\u00e9loyale selon l\u2019article 1382 du Code Civil et une violation du droit \u00e0 l\u2019image et des droits de la personnalit\u00e9 selon l\u2019article 9 du m\u00eame code.<\/span><\/p>\n<p style=\"text-align: justify;\"><span style=\"font-size: 12pt; color: #000000;\"><strong>Donn\u00e9es personnelles<\/strong><\/span><\/p>\n<p style=\"text-align: justify;\"><span style=\"font-size: 12pt; color: #000000;\">En conformit\u00e9 avec la loi \u00ab Informatique et Libert\u00e9s \u00bb n\u00b0 78-17 du 6 janvier 1978, modifi\u00e9e par la loi n\u00b0 2004-801 du 6 ao\u00fbt 2004, les traitements automatis\u00e9s de donn\u00e9es personnelles r\u00e9alis\u00e9s \u00e0 partir de ce site, sont h\u00e9berg\u00e9s sur les serveurs d\u2019OVH.<\/span><\/p>\n<p style=\"text-align: justify;\"><span style=\"font-size: 12pt; color: #000000;\">A ce titre, et conform\u00e9ment \u00e0 l\u2019article 32 de la loi sus-cit\u00e9e, les informations personnelles (pr\u00e9nom, nom, e-mail) recueillies via les formulaires de contact font l\u2019objet d\u2019un traitement informatique afin de r\u00e9pondre aux utilisateurs, et ce de la mani\u00e8re la plus appropri\u00e9e, et ne seront jamais utilis\u00e9es \u00e0 des fins non pr\u00e9vues ni transmises \u00e0 des partenaires. Aucune information personnelle autre que celles demand\u00e9es dans ce cadre n\u2019est collect\u00e9e \u00e0 votre insu.<\/span><\/p>\n<p style=\"text-align: justify;\"><span style=\"font-size: 12pt; color: #000000;\">En outre, les donn\u00e9es collect\u00e9es via les traitements de donn\u00e9es \u00e0 caract\u00e8re personnel du pr\u00e9sent site ne feront l\u2019objet d\u2019aucun transfert en dehors du territoire de l\u2019Union Europ\u00e9enne.<\/span><\/p>\n<p style=\"text-align: justify;\"><span style=\"font-size: 12pt; color: #000000;\">Par ailleurs, conform\u00e9ment aux articles 39 et 40 de cette m\u00eame loi, l\u2019utilisateur de ce site ou le Client b\u00e9n\u00e9ficie des droits d\u2019interrogation, d\u2019acc\u00e8s, de rectification et d\u2019opposition portant sur les donn\u00e9es le concernant en envoyant un e-mail eco22.stjo.prat@e-c.bzh ou bien un courrier postal adress\u00e9 \u00e0 : Ecole Saint Joseph, 3 place de l&#8217;\u00e9glise, 22140 Prat.<\/span><\/p>\n<p style=\"text-align: justify;\"><span style=\"font-size: 12pt; color: #000000;\"><strong>Dur\u00e9e de vie des donn\u00e9es personnelles<\/strong><\/span><\/p>\n<p style=\"text-align: justify;\"><span style=\"font-size: 12pt; color: #000000;\"><strong>Donn\u00e9es de gestion du site internet<\/strong><\/span><\/p>\n<p style=\"text-align: justify;\"><span style=\"font-size: 12pt; color: #000000;\">Donn\u00e9es de visites sur notre site : Dans un but statistique, nous conservons les traces de lecture (date, dur\u00e9e, url, scroll, temps de chargement, IP, cookie) de nos pages web pendant 365 jours au maximum avant suppression. Les adresses IP ne sont pas collect\u00e9es.<\/span><br \/><span style=\"font-size: 12pt; color: #000000;\">Cookies<\/span><\/p>\n<p style=\"text-align: justify;\"><span style=\"font-size: 12pt; color: #000000;\">Si vous d\u00e9posez un commentaire sur notre site, il vous sera propos\u00e9 d\u2019enregistrer votre nom, adresse de messagerie et site web dans des cookies. C\u2019est uniquement pour votre confort afin de ne pas avoir \u00e0 saisir ces informations si vous d\u00e9posez un autre commentaire plus tard. Ces cookies expirent au bout d\u2019un an.<\/span><\/p>\n<p style=\"text-align: justify;\"><span style=\"font-size: 12pt; color: #000000;\">Si vous avez un compte et que vous vous connectez sur ce site, un cookie temporaire sera cr\u00e9\u00e9 afin de d\u00e9terminer si votre navigateur accepte les cookies. Il ne contient pas de donn\u00e9es personnelles et sera supprim\u00e9 automatiquement \u00e0 la fermeture de votre navigateur.<\/span><\/p>\n<p style=\"text-align: justify;\"><span style=\"font-size: 12pt; color: #000000;\">Lorsque vous vous connecterez, nous mettrons en place un certain nombre de cookies pour enregistrer vos informations de connexion et vos pr\u00e9f\u00e9rences d\u2019\u00e9cran. La dur\u00e9e de vie d\u2019un cookie de connexion est de deux jours, celle d\u2019un cookie d\u2019option d\u2019\u00e9cran est d\u2019un an. Si vous cochez \u00ab Se souvenir de moi \u00bb, votre cookie de connexion sera conserv\u00e9 pendant deux semaines. Si vous vous d\u00e9connectez de votre compte, le cookie de connexion sera effac\u00e9.<\/span><\/p>\n<p style=\"text-align: justify;\"><span style=\"font-size: 12pt; color: #000000;\">En modifiant ou en publiant une publication, un cookie suppl\u00e9mentaire sera enregistr\u00e9 dans votre navigateur. Ce cookie ne comprend aucune donn\u00e9e personnelle. Il indique simplement l\u2019ID de la publication que vous venez de modifier. Il expire au bout d\u2019un jour.<\/span><br \/><span style=\"font-size: 12pt; color: #000000;\">Contenu embarqu\u00e9 depuis d\u2019autres sites<\/span><\/p>\n<p style=\"text-align: justify;\"><span style=\"font-size: 12pt; color: #000000;\">Les articles de ce site peuvent inclure des contenus int\u00e9gr\u00e9s (par exemple des vid\u00e9os, images, articles\u2026). Le contenu int\u00e9gr\u00e9 depuis d\u2019autres sites se comporte de la m\u00eame mani\u00e8re que si le visiteur se rendait sur cet autre site.<\/span><\/p>\n<p style=\"text-align: justify;\"><span style=\"font-size: 12pt; color: #000000;\">Ces sites web pourraient collecter des donn\u00e9es sur vous, utiliser des cookies, embarquer des outils de suivis tiers, suivre vos interactions avec ces contenus embarqu\u00e9s si vous disposez d\u2019un compte connect\u00e9 sur leur site web.<\/span><\/p>\n<p style=\"text-align: justify;\"><span style=\"font-size: 12pt; color: #000000;\"><strong>Les comptes<\/strong><\/span><\/p>\n<p style=\"text-align: justify;\"><span style=\"font-size: 12pt; color: #000000;\">Comptes des r\u00e9dacteurs du site : La suppression des acc\u00e8s n\u2019est pas automatique. M\u00eame si le compte n\u2019est plus utilis\u00e9. Les comptes \u00e9tant cr\u00e9\u00e9s en ad\u00e9quation avec les \u00e9quipes n\u00e9cessitant un acc\u00e8s, ils sont sous la responsabilit\u00e9 des gestionnaires du site. Vous pouvez faire appel \u00e0 eux pour modifier ou supprimer vos acc\u00e8s.<\/span><\/p>\n<p style=\"text-align: justify;\"><span style=\"font-size: 12pt; color: #000000;\">H\u00e9bergement du site : Notre site sur lequel vos donn\u00e9es personnelles sont stock\u00e9es, est lou\u00e9e \u00e0 OVH.com, \u00e0 Roubaix en France. Ce site est h\u00e9berg\u00e9 sur des serveurs fran\u00e7ais lou\u00e9s \u00e0 Ovh.com. Cette entreprise est propri\u00e9taire de ces serveurs et est garante du contr\u00f4le de leurs acc\u00e8s physique, comme leur mise en s\u00e9curit\u00e9 \u00e9lectrique, incendie et le vol par exemple.<\/span><\/p>\n<p style=\"text-align: justify;\"><span style=\"font-size: 12pt; color: #000000;\"><strong>Informatique et libert\u00e9s<\/strong><\/span><\/p>\n<p style=\"text-align: justify;\"><span style=\"font-size: 12pt; color: #000000;\">Conform\u00e9ment \u00e0 la loi \u201cInformatique et libert\u00e9s\u201d du 6 janvier 1978 modifi\u00e9e par la loi du 6 ao\u00fbt 2004, et au R\u00e8glement g\u00e9n\u00e9ral sur la protection des donn\u00e9es (RGPD), vous disposez d\u2019un droit d\u2019acc\u00e8s, de rectification et d\u2019opposition aux informations qui vous concernent. Si vous souhaitez exercer ce droit et obtenir communication des informations vous concernant, veuillez-vous adresser \u00e0 la direction de l\u2019\u00e9cole Saint-L\u00e9onard par courrier postal : Ecole Saint Joseph, 3 place de l&#8217;\u00e9glise, 22140 Prat. ou par courriel : eco22.stjo.prat@e-c.bzh<\/span><\/p>\n<\/div>\n<\/div>\n<\/div>\n<\/div>\n<\/div>\n<\/div>\n<\/div>\n<\/div>\n<\/article>\n<\/div>\n<p>[\/et_pb_text][\/et_pb_column][\/et_pb_row][\/et_pb_section]<\/p>\n","protected":false},"excerpt":{"rendered":"<p>Qui sommes-nous ? Le site de l\u2019\u00e9cole Saint-Joseph de Prat (https:\/\/ecolestjoprat.fr) est aliment\u00e9 par le personnel de l\u2019\u00e9cole, des \u00e9l\u00e8ves ou des membres des associations. L\u2019adresse de l\u2019\u00e9tablissement est : 3 place de l&#8217;\u00e9glise, 22140 Prat. L\u2019ensemble des \u00e9l\u00e9ments figurant sur le site interne https:\/\/ecolestjoprat.fr (textes, dessins, programmes, photographies, noms, logos, enregistrements sonores, vid\u00e9os, etc\u2026) [&hellip;]<\/p>\n","protected":false},"author":2,"featured_media":0,"parent":0,"menu_order":0,"comment_status":"closed","ping_status":"closed","template":"","meta":{"_et_pb_use_builder":"on","_et_pb_old_content":"","_et_gb_content_width":"","footnotes":""},"class_list":["post-366","page","type-page","status-publish","hentry"],"_links":{"self":[{"href":"https:\/\/www.ecolestjoprat.fr\/index.php\/wp-json\/wp\/v2\/pages\/366","targetHints":{"allow":["GET"]}}],"collection":[{"href":"https:\/\/www.ecolestjoprat.fr\/index.php\/wp-json\/wp\/v2\/pages"}],"about":[{"href":"https:\/\/www.ecolestjoprat.fr\/index.php\/wp-json\/wp\/v2\/types\/page"}],"author":[{"embeddable":true,"href":"https:\/\/www.ecolestjoprat.fr\/index.php\/wp-json\/wp\/v2\/users\/2"}],"replies":[{"embeddable":true,"href":"https:\/\/www.ecolestjoprat.fr\/index.php\/wp-json\/wp\/v2\/comments?post=366"}],"version-history":[{"count":2,"href":"https:\/\/www.ecolestjoprat.fr\/index.php\/wp-json\/wp\/v2\/pages\/366\/revisions"}],"predecessor-version":[{"id":369,"href":"https:\/\/www.ecolestjoprat.fr\/index.php\/wp-json\/wp\/v2\/pages\/366\/revisions\/369"}],"wp:attachment":[{"href":"https:\/\/www.ecolestjoprat.fr\/index.php\/wp-json\/wp\/v2\/media?parent=366"}],"curies":[{"name":"wp","href":"https:\/\/api.w.org\/{rel}","templated":true}]}}