{"id":241,"date":"2018-05-28T13:41:03","date_gmt":"2018-05-28T11:41:03","guid":{"rendered":"http:\/\/ecolestjoprat.fr\/?page_id=241"},"modified":"2024-07-09T14:38:42","modified_gmt":"2024-07-09T12:38:42","slug":"modalites-dinscriptions","status":"publish","type":"page","link":"https:\/\/www.ecolestjoprat.fr\/index.php\/modalites-dinscriptions\/","title":{"rendered":"Modalit\u00e9s d&#8217;inscriptions"},"content":{"rendered":"<p>[et_pb_section fb_built=&#8221;1&#8243; _builder_version=&#8221;4.16&#8243; global_colors_info=&#8221;{}&#8221;][et_pb_row column_structure=&#8221;1_2,1_2&#8243; _builder_version=&#8221;4.16&#8243; background_size=&#8221;initial&#8221; background_position=&#8221;top_left&#8221; background_repeat=&#8221;repeat&#8221; global_colors_info=&#8221;{}&#8221;][et_pb_column type=&#8221;1_2&#8243; _builder_version=&#8221;4.16&#8243; custom_padding=&#8221;|||&#8221; global_colors_info=&#8221;{}&#8221; custom_padding__hover=&#8221;|||&#8221;][et_pb_text _builder_version=&#8221;4.20.2&#8243; hover_enabled=&#8221;0&#8243; global_colors_info=&#8221;{}&#8221; sticky_enabled=&#8221;0&#8243;]<\/p>\n<p style=\"text-align: justify;\"><span style=\"font-size: 12pt; color: #000000;\">L&#8217;inscription des nouveaux \u00e9l\u00e8ves se fait tout au long de l&#8217;ann\u00e9e.<\/span><\/p>\n<p style=\"text-align: justify;\"><span style=\"font-size: 12pt; color: #000000;\">Afin d&#8217;\u00e9changer sur notre fonctionnement, sur l&#8217;\u00e9tablissement et les besoins de votre enfant, nous vous invitons \u00e0 nous contacter par t\u00e9l\u00e9phone au 02 96 47 00 34 ou par mail <a style=\"color: #000000;\" href=\"mailto:eco22.stjo.prat@enseignement-catholique.bzh\">eco22.stjo.prat@e-c.bzh.<\/a> Vous pourrez ainsi convenir\u00a0d&#8217;un entretien avec l&#8217;\u00e9quipe p\u00e9dagogique.<\/span><\/p>\n<p>&nbsp;<\/p>\n<p>[\/et_pb_text][\/et_pb_column][et_pb_column type=&#8221;1_2&#8243; _builder_version=&#8221;4.16&#8243; custom_padding=&#8221;|||&#8221; global_colors_info=&#8221;{}&#8221; custom_padding__hover=&#8221;|||&#8221;][et_pb_contact_form email=&#8221;eco22.stjo.prat@e-c.bzh&#8221; title=&#8221;Pour les inscriptions&#8221; success_message=&#8221;Merci de nous avoir contact\u00e9s.&#8221; disabled_on=&#8221;on|on|on&#8221; _builder_version=&#8221;4.20.2&#8243; _unique_id=&#8221;00c0aad2-125a-4602-ba1e-f2a50b79386c&#8221; disabled=&#8221;on&#8221; global_colors_info=&#8221;{}&#8221;][et_pb_contact_field field_id=&#8221;Name&#8221; field_title=&#8221;Nom&#8221; _builder_version=&#8221;4.16&#8243; global_colors_info=&#8221;{}&#8221;][\/et_pb_contact_field][et_pb_contact_field field_id=&#8221;Adresse_Email&#8221; field_title=&#8221;Adresse e-mail&#8221; field_type=&#8221;email&#8221; _builder_version=&#8221;4.20.2&#8243; global_colors_info=&#8221;{}&#8221;][\/et_pb_contact_field][et_pb_contact_field field_id=&#8221;Message&#8221; field_title=&#8221;Message&#8221; field_type=&#8221;text&#8221; fullwidth_field=&#8221;on&#8221; _builder_version=&#8221;4.16&#8243; global_colors_info=&#8221;{}&#8221;][\/et_pb_contact_field][\/et_pb_contact_form][\/et_pb_column][\/et_pb_row][\/et_pb_section]<\/p>\n","protected":false},"excerpt":{"rendered":"<p>L&#8217;inscription des nouveaux \u00e9l\u00e8ves se fait tout au long de l&#8217;ann\u00e9e. Afin d&#8217;\u00e9changer sur notre fonctionnement, sur l&#8217;\u00e9tablissement et les besoins de votre enfant, nous vous invitons \u00e0 nous contacter par t\u00e9l\u00e9phone au 02 96 47 00 34 ou par mail eco22.stjo.prat@e-c.bzh. Vous pourrez ainsi convenir\u00a0d&#8217;un entretien avec l&#8217;\u00e9quipe p\u00e9dagogique. &nbsp;<\/p>\n","protected":false},"author":1,"featured_media":0,"parent":0,"menu_order":0,"comment_status":"closed","ping_status":"closed","template":"","meta":{"_et_pb_use_builder":"on","_et_pb_old_content":"","_et_gb_content_width":"","footnotes":""},"class_list":["post-241","page","type-page","status-publish","hentry"],"_links":{"self":[{"href":"https:\/\/www.ecolestjoprat.fr\/index.php\/wp-json\/wp\/v2\/pages\/241","targetHints":{"allow":["GET"]}}],"collection":[{"href":"https:\/\/www.ecolestjoprat.fr\/index.php\/wp-json\/wp\/v2\/pages"}],"about":[{"href":"https:\/\/www.ecolestjoprat.fr\/index.php\/wp-json\/wp\/v2\/types\/page"}],"author":[{"embeddable":true,"href":"https:\/\/www.ecolestjoprat.fr\/index.php\/wp-json\/wp\/v2\/users\/1"}],"replies":[{"embeddable":true,"href":"https:\/\/www.ecolestjoprat.fr\/index.php\/wp-json\/wp\/v2\/comments?post=241"}],"version-history":[{"count":4,"href":"https:\/\/www.ecolestjoprat.fr\/index.php\/wp-json\/wp\/v2\/pages\/241\/revisions"}],"predecessor-version":[{"id":457,"href":"https:\/\/www.ecolestjoprat.fr\/index.php\/wp-json\/wp\/v2\/pages\/241\/revisions\/457"}],"wp:attachment":[{"href":"https:\/\/www.ecolestjoprat.fr\/index.php\/wp-json\/wp\/v2\/media?parent=241"}],"curies":[{"name":"wp","href":"https:\/\/api.w.org\/{rel}","templated":true}]}}