{"id":115,"date":"2017-12-19T17:44:32","date_gmt":"2017-12-19T16:44:32","guid":{"rendered":"http:\/\/ecolestjoprat.fr\/?page_id=115"},"modified":"2023-04-07T11:44:06","modified_gmt":"2023-04-07T09:44:06","slug":"les-associations","status":"publish","type":"page","link":"https:\/\/www.ecolestjoprat.fr\/index.php\/les-associations\/","title":{"rendered":"Les associations"},"content":{"rendered":"<p>[et_pb_section fb_built=&#8221;1&#8243; _builder_version=&#8221;4.16&#8243; global_colors_info=&#8221;{}&#8221;][et_pb_row _builder_version=&#8221;4.16&#8243; background_size=&#8221;initial&#8221; background_position=&#8221;top_left&#8221; background_repeat=&#8221;repeat&#8221; global_colors_info=&#8221;{}&#8221;][et_pb_column type=&#8221;4_4&#8243; _builder_version=&#8221;4.16&#8243; custom_padding=&#8221;|||&#8221; global_colors_info=&#8221;{}&#8221; custom_padding__hover=&#8221;|||&#8221;][et_pb_text _builder_version=&#8221;4.20.2&#8243; hover_enabled=&#8221;0&#8243; global_colors_info=&#8221;{}&#8221; sticky_enabled=&#8221;0&#8243;]<\/p>\n<p style=\"text-align: justify;\"><span style=\"font-size: 12pt; color: #000000;\"><strong>Deux associations interviennent au sein de l&#8217;\u00e9cole :<\/strong><\/span><\/p>\n<p style=\"text-align: justify;\"><span style=\"font-size: 12pt; color: #000000;\">L<strong>&#8216;OGEC<\/strong>: <strong>O<\/strong>rganisme de <strong>G<\/strong>estion de l&#8217;<strong>E<\/strong>nseignement <strong>C<\/strong>atholique. Sa mission principale est de veiller \u00e0 la gestion financi\u00e8re et comptable de l&#8217;\u00e9tablissement. Il veille aussi \u00e0 l&#8217;entretien du patrimoine immobilier et mobilier. Enfin il est l&#8217;employeur des personnels non enseignants.<\/span><\/p>\n<p style=\"text-align: justify;\"><span style=\"font-size: 12pt; color: #000000;\">Le pr\u00e9sident de L&#8217;OGEC est M. Yves Le Bihan. Mail:\u00a0 kerglas-bras@wanadoo.fr<\/span><\/p>\n<p style=\"text-align: justify;\">\n<p style=\"text-align: justify;\"><span style=\"font-size: 12pt; color: #000000;\">L&#8217;<strong>APEL: A<\/strong>ssociation des\u00a0<strong>P<\/strong>arents d&#8217;\u00e9l\u00e8ves de l&#8217;<strong>E<\/strong>nseignement<strong> L<\/strong>ibre. L&#8217;association repr\u00e9sente les parents d&#8217;\u00e9l\u00e8ves au sein de l&#8217;\u00e9tablissement mais aussi aupr\u00e8s des institutions et des pouvoirs publics. L&#8217;APEL s&#8217;implique dans la vie de l&#8217;\u00e9tablissement et propose tout au long de l&#8217;ann\u00e9e divers \u00e9v\u00e9nements pour financer les activit\u00e9s p\u00e9dagogiques (voyages, mat\u00e9riel, jeux de cour de r\u00e9cr\u00e9ation&#8230;).<\/span><\/p>\n<p style=\"text-align: justify;\"><span style=\"font-size: 12pt; color: #000000;\">La pr\u00e9sidente de L&#8217;APEL est Mme Nathalie Le Bourdonnec . Mail :\u00a0boulou2008@live.fr<\/span><\/p>\n<p style=\"text-align: justify;\">[\/et_pb_text][\/et_pb_column][\/et_pb_row][\/et_pb_section]<\/p>\n","protected":false},"excerpt":{"rendered":"<p>Deux associations interviennent au sein de l&#8217;\u00e9cole : L&#8217;OGEC: Organisme de Gestion de l&#8217;Enseignement Catholique. Sa mission principale est de veiller \u00e0 la gestion financi\u00e8re et comptable de l&#8217;\u00e9tablissement. Il veille aussi \u00e0 l&#8217;entretien du patrimoine immobilier et mobilier. Enfin il est l&#8217;employeur des personnels non enseignants. Le pr\u00e9sident de L&#8217;OGEC est M. Yves Le [&hellip;]<\/p>\n","protected":false},"author":1,"featured_media":0,"parent":0,"menu_order":0,"comment_status":"closed","ping_status":"closed","template":"","meta":{"_et_pb_use_builder":"on","_et_pb_old_content":"","_et_gb_content_width":"","footnotes":""},"class_list":["post-115","page","type-page","status-publish","hentry"],"_links":{"self":[{"href":"https:\/\/www.ecolestjoprat.fr\/index.php\/wp-json\/wp\/v2\/pages\/115","targetHints":{"allow":["GET"]}}],"collection":[{"href":"https:\/\/www.ecolestjoprat.fr\/index.php\/wp-json\/wp\/v2\/pages"}],"about":[{"href":"https:\/\/www.ecolestjoprat.fr\/index.php\/wp-json\/wp\/v2\/types\/page"}],"author":[{"embeddable":true,"href":"https:\/\/www.ecolestjoprat.fr\/index.php\/wp-json\/wp\/v2\/users\/1"}],"replies":[{"embeddable":true,"href":"https:\/\/www.ecolestjoprat.fr\/index.php\/wp-json\/wp\/v2\/comments?post=115"}],"version-history":[{"count":6,"href":"https:\/\/www.ecolestjoprat.fr\/index.php\/wp-json\/wp\/v2\/pages\/115\/revisions"}],"predecessor-version":[{"id":393,"href":"https:\/\/www.ecolestjoprat.fr\/index.php\/wp-json\/wp\/v2\/pages\/115\/revisions\/393"}],"wp:attachment":[{"href":"https:\/\/www.ecolestjoprat.fr\/index.php\/wp-json\/wp\/v2\/media?parent=115"}],"curies":[{"name":"wp","href":"https:\/\/api.w.org\/{rel}","templated":true}]}}